{"id":5503,"date":"2019-06-02T14:26:45","date_gmt":"2019-06-02T11:26:45","guid":{"rendered":"https:\/\/iok.co.il\/he\/?post_type=product&#038;p=5503"},"modified":"2021-08-08T21:17:48","modified_gmt":"2021-08-08T18:17:48","slug":"psychometrique-logique","status":"publish","type":"product","link":"https:\/\/iok.co.il\/he\/product\/psychometrique-logique","title":{"rendered":"\u05e1\u05e4\u05e8 \u05e4\u05e1\u05d9\u05db\u05d5\u05de\u05d8\u05e8\u05d9 \u05d1\u05d4\u05d2\u05d9\u05d5\u05df (\u05e6\u05e8\u05e4\u05ea\u05d9\u05ea)"},"content":{"rendered":"<section class=\"_2h_HC\">\n<div class=\"_1FTz3 cell\">\n<div dir=\"ltr\">\n<section class=\"_2RbVQ\" data-hook=\"description-wrapper\">\n<div class=\"_3nbVj\">\n<div class=\"_3cRjW\" data-hook=\"content-wrapper\">\n<p>Les questions de logique ont toujours fait partie de l\u2019examen psychom\u00e9trique, depuis 1981. Ces questions repr\u00e9sentent peut-\u00eatre la partie la plus dynamique de l\u2019examen et de nombreux changements ont eu lieu depuis le d\u00e9but de celui-ci. A ce jour, chaque chapitre de r\u00e9flexion verbale contient entre huit et neuf questions de logique (actuellement, le chapitre s\u2019intitule \u00ab Questions de compr\u00e9hension et de d\u00e9duction \u00bb et contient \u00e9galement trois \u00e0 quatre exercices de compl\u00e9tement de phrases). De nos jours, l\u2019examen psychom\u00e9trique tend plus \u00e0 mesurer la capacit\u00e9 de r\u00e9flexion, au travers de questions de compr\u00e9hension, qu\u2019\u00e0 poser des questions auxquelles il est possible de r\u00e9pondre de mani\u00e8re m\u00e9canique.<\/p>\n<\/div>\n<\/div>\n<\/section>\n<\/div>\n<\/div>\n<\/section>\n","protected":false},"excerpt":{"rendered":"<p>Logique<\/p>\n<p>\u05e1\u05e4\u05e8 \u05d4\u05db\u05e0\u05d4 \u05dc\u05d1\u05d7\u05d9\u05e0\u05d4 \u05d4\u05e4\u05e1\u05d9\u05db\u05d5\u05de\u05d8\u05e8\u05d9\u05ea \u05d1\u05e6\u05e8\u05e4\u05ea\u05d9\u05ea. \u05d7\u05e9\u05d9\u05d1\u05d4 \u05de\u05d9\u05dc\u05d5\u05dc\u05d9\u05ea. \u05e4\u05e8\u05e7: \u05d4\u05d2\u05d9\u05d5\u05df.<br \/>\n122 \u05e2\u05de\u05d5\u05d3\u05d9\u05dd<\/p>\n","protected":false},"featured_media":5504,"comment_status":"open","ping_status":"closed","template":"","meta":[],"product_cat":[457],"product_tag":[],"class_list":{"0":"post-5503","1":"product","2":"type-product","3":"status-publish","4":"has-post-thumbnail","6":"product_cat-psycho_books_exams_fr","8":"first","9":"outofstock","10":"shipping-taxable","11":"purchasable","12":"product-type-simple"},"acf":[],"_links":{"self":[{"href":"https:\/\/iok.co.il\/he\/wp-json\/wp\/v2\/product\/5503","targetHints":{"allow":["GET"]}}],"collection":[{"href":"https:\/\/iok.co.il\/he\/wp-json\/wp\/v2\/product"}],"about":[{"href":"https:\/\/iok.co.il\/he\/wp-json\/wp\/v2\/types\/product"}],"replies":[{"embeddable":true,"href":"https:\/\/iok.co.il\/he\/wp-json\/wp\/v2\/comments?post=5503"}],"wp:featuredmedia":[{"embeddable":true,"href":"https:\/\/iok.co.il\/he\/wp-json\/wp\/v2\/media\/5504"}],"wp:attachment":[{"href":"https:\/\/iok.co.il\/he\/wp-json\/wp\/v2\/media?parent=5503"}],"wp:term":[{"taxonomy":"product_cat","embeddable":true,"href":"https:\/\/iok.co.il\/he\/wp-json\/wp\/v2\/product_cat?post=5503"},{"taxonomy":"product_tag","embeddable":true,"href":"https:\/\/iok.co.il\/he\/wp-json\/wp\/v2\/product_tag?post=5503"}],"curies":[{"name":"wp","href":"https:\/\/api.w.org\/{rel}","templated":true}]}}