{"id":5509,"date":"2019-06-02T15:02:28","date_gmt":"2019-06-02T12:02:28","guid":{"rendered":"https:\/\/iok.co.il\/he\/?post_type=product&#038;p=5509"},"modified":"2026-01-31T18:41:49","modified_gmt":"2026-01-31T15:41:49","slug":"psychometrique-introduction-aux-mathematiques","status":"publish","type":"product","link":"https:\/\/iok.co.il\/he\/product\/psychometrique-introduction-aux-mathematiques","title":{"rendered":"\u05e1\u05e4\u05e8 \u05e4\u05e1\u05d9\u05db\u05d5\u05de\u05d8\u05e8\u05d9 \u05d1\u05de\u05d1\u05d5\u05d0 \u05dc\u05de\u05ea\u05de\u05d8\u05d9\u05e7\u05d4 (\u05e6\u05e8\u05e4\u05ea\u05d9\u05ea)"},"content":{"rendered":"<p dir=\"ltr\">Il est possible que vous avez d\u00e9j\u00e0 oubli\u00e9 certaines r\u00e8gles de calcul, des formules et des th\u00e9or\u00e8mes, car les ann\u00e9es scolaires sont longtemps derriere vous.<br \/>\nCe livre va vous rappeler ce qui a \u00e9t\u00e9 oubli\u00e9, renforcer les connaissances d\u00e9j\u00e0 acquises, et, peut-\u00eatre, apprendre des nouvelles mati\u00e8res<\/p>\n<p dir=\"ltr\">\n","protected":false},"excerpt":{"rendered":"<p>Introduction aux math\u00e9matiques<br \/>\n\u05e1\u05e4\u05e8 \u05ea\u05d9\u05d0\u05d5\u05e8\u05d9\u05d4 \u05d5\u05ea\u05e8\u05d2\u05d5\u05dc \u05e9\u05e0\u05d5\u05e2\u05d3 \u05dc\u05e8\u05d9\u05e2\u05e0\u05d5\u05df \u05d5\u05e9\u05d9\u05e4\u05d5\u05e8 \u05e9\u05dc \u05d9\u05d3\u05e2 \u05de\u05ea\u05de\u05d8\u05d9 \u05d9\u05e1\u05d5\u05d3\u05d9.<\/p>\n<p>170 \u05e2\u05de\u05d5\u05d3\u05d9\u05dd.<\/p>\n","protected":false},"featured_media":6592,"comment_status":"open","ping_status":"closed","template":"","meta":[],"product_cat":[457],"product_tag":[454],"class_list":{"0":"post-5509","1":"product","2":"type-product","3":"status-publish","4":"has-post-thumbnail","6":"product_cat-psycho_books_exams_fr","7":"product_tag-main","9":"first","10":"instock","11":"sale","12":"shipping-taxable","13":"purchasable","14":"product-type-variable","15":"has-default-attributes"},"acf":[],"_links":{"self":[{"href":"https:\/\/iok.co.il\/he\/wp-json\/wp\/v2\/product\/5509","targetHints":{"allow":["GET"]}}],"collection":[{"href":"https:\/\/iok.co.il\/he\/wp-json\/wp\/v2\/product"}],"about":[{"href":"https:\/\/iok.co.il\/he\/wp-json\/wp\/v2\/types\/product"}],"replies":[{"embeddable":true,"href":"https:\/\/iok.co.il\/he\/wp-json\/wp\/v2\/comments?post=5509"}],"wp:featuredmedia":[{"embeddable":true,"href":"https:\/\/iok.co.il\/he\/wp-json\/wp\/v2\/media\/6592"}],"wp:attachment":[{"href":"https:\/\/iok.co.il\/he\/wp-json\/wp\/v2\/media?parent=5509"}],"wp:term":[{"taxonomy":"product_cat","embeddable":true,"href":"https:\/\/iok.co.il\/he\/wp-json\/wp\/v2\/product_cat?post=5509"},{"taxonomy":"product_tag","embeddable":true,"href":"https:\/\/iok.co.il\/he\/wp-json\/wp\/v2\/product_tag?post=5509"}],"curies":[{"name":"wp","href":"https:\/\/api.w.org\/{rel}","templated":true}]}}