{"id":5513,"date":"2019-06-02T15:26:24","date_gmt":"2019-06-02T12:26:24","guid":{"rendered":"https:\/\/iok.co.il\/he\/?post_type=product&#038;p=5513"},"modified":"2026-01-31T18:41:41","modified_gmt":"2026-01-31T15:41:41","slug":"psychometrique-english-section","status":"publish","type":"product","link":"https:\/\/iok.co.il\/he\/product\/psychometrique-english-section","title":{"rendered":"\u05e1\u05e4\u05e8 \u05e4\u05e1\u05d9\u05db\u05d5\u05de\u05d8\u05e8\u05d9 \u05d1\u05d0\u05e0\u05d2\u05dc\u05d9\u05ea (\u05e6\u05e8\u05e4\u05ea\u05d9\u05ea)"},"content":{"rendered":"<section class=\"_2h_HC\">\n<div class=\"_1FTz3 cell\">\n<div dir=\"ltr\">\n<section class=\"_2RbVQ\" data-hook=\"description-wrapper\">\n<div class=\"_3nbVj\">\n<div class=\"_3cRjW\" data-hook=\"content-wrapper\">\n<pre class=\"_28cEs\" data-hook=\"description\">Le livre donn\u00e9 repr\u00e9sente une analyse d\u00e9taill\u00e9e de tous les chapitres de la section \u00abLangue anglaise\u00bb, et contient des explications bien pr\u00e9cises concernant les m\u00e9thodes psychom\u00e9triques utilis\u00e9es pour trouver la r\u00e9ponse correcte.<\/pre>\n<\/div>\n<\/div>\n<\/section>\n<\/div>\n<\/div>\n<\/section>\n<section class=\"_2h_HC\">\n<div class=\"cell\">\n<div dir=\"ltr\"><\/div>\n<\/div>\n<\/section>\n","protected":false},"excerpt":{"rendered":"<p>English section<br \/>\n\u05e1\u05e4\u05e8 \u05d4\u05db\u05e0\u05d4 \u05dc\u05d1\u05d7\u05d9\u05e0\u05d4 \u05d4\u05e4\u05e1\u05d9\u05db\u05d5\u05de\u05d8\u05e8\u05d9\u05ea \u05d1\u05e6\u05e8\u05e4\u05ea\u05d9\u05ea. \u05e4\u05e8\u05e7 \u05d0\u05e0\u05d2\u05dc\u05d9\u05ea<br \/>\n124 \u05e2\u05de\u05d5\u05d3\u05d9\u05dd<\/p>\n","protected":false},"featured_media":6593,"comment_status":"open","ping_status":"closed","template":"","meta":[],"product_cat":[457],"product_tag":[454],"class_list":{"0":"post-5513","1":"product","2":"type-product","3":"status-publish","4":"has-post-thumbnail","6":"product_cat-psycho_books_exams_fr","7":"product_tag-main","9":"first","10":"instock","11":"sale","12":"shipping-taxable","13":"purchasable","14":"product-type-simple"},"acf":[],"_links":{"self":[{"href":"https:\/\/iok.co.il\/he\/wp-json\/wp\/v2\/product\/5513","targetHints":{"allow":["GET"]}}],"collection":[{"href":"https:\/\/iok.co.il\/he\/wp-json\/wp\/v2\/product"}],"about":[{"href":"https:\/\/iok.co.il\/he\/wp-json\/wp\/v2\/types\/product"}],"replies":[{"embeddable":true,"href":"https:\/\/iok.co.il\/he\/wp-json\/wp\/v2\/comments?post=5513"}],"wp:featuredmedia":[{"embeddable":true,"href":"https:\/\/iok.co.il\/he\/wp-json\/wp\/v2\/media\/6593"}],"wp:attachment":[{"href":"https:\/\/iok.co.il\/he\/wp-json\/wp\/v2\/media?parent=5513"}],"wp:term":[{"taxonomy":"product_cat","embeddable":true,"href":"https:\/\/iok.co.il\/he\/wp-json\/wp\/v2\/product_cat?post=5513"},{"taxonomy":"product_tag","embeddable":true,"href":"https:\/\/iok.co.il\/he\/wp-json\/wp\/v2\/product_tag?post=5513"}],"curies":[{"name":"wp","href":"https:\/\/api.w.org\/{rel}","templated":true}]}}