{"id":5515,"date":"2019-06-02T15:41:50","date_gmt":"2019-06-02T12:41:50","guid":{"rendered":"https:\/\/iok.co.il\/he\/?post_type=product&#038;p=5515"},"modified":"2026-01-31T18:41:32","modified_gmt":"2026-01-31T15:41:32","slug":"psychometrique-ecrit-academique","status":"publish","type":"product","link":"https:\/\/iok.co.il\/he\/product\/psychometrique-ecrit-academique","title":{"rendered":"\u05e1\u05e4\u05e8 \u05e4\u05e1\u05d9\u05db\u05d5\u05de\u05d8\u05e8\u05d9 \u05d1\u05db\u05ea\u05d9\u05d1\u05d4 \u05d0\u05e7\u05d3\u05de\u05d9\u05ea (\u05e6\u05e8\u05e4\u05ea\u05d9\u05ea)"},"content":{"rendered":"<p style=\"text-align: left;\">\u00c9crit acad\u00e9mique est un des livres d\u2019\u00e9tude r\u00e9dig\u00e9 par un ensemble des professeurs de la soci\u00e9t\u00e9 Ok pour pr\u00e9parer les \u00e9tudiants \u00e0 l\u2019examen psychom\u00e9trique. Ce livre est \u00e9galement consid\u00e9r\u00e9 comme un guide d\u2019\u00e9tude pour ceux qui aspirent \u00e0 apprendre \u00e0 \u00e9crire des compositions ainsi qu\u2019\u00e0 obtenir la note maximale \u00e0 l\u2019examen psychom\u00e9trique. Ce livre contient les donn\u00e9es th\u00e9oriques bien structur\u00e9es concernant les \u00e9l\u00e9ments essentiels de l\u2019\u00e9crit acad\u00e9mique en rapport avec les exigences du Centre national d\u2019examens et d\u2019\u00e9valuation. Ce livre est \u00e9galement comprend une s\u00e9rie d\u2019exercices \u00e9labor\u00e9es par l\u2019auteur ainsi que les fa\u00e7ons de proc\u00e9d\u00e9 n\u00e9cessaires pour accomplir un travail \u00e9crit de l\u2019examen psychom\u00e9trique.<\/p>\n<p style=\"text-align: left;\">L\u2019\u00e9dition donn\u00e9e poss\u00e8de une grande quantit\u00e9 de grilles et de sch\u00e9mas ainsi que des phrases toutes faites indispensables pour \u00e9crire une composition. Apr\u00e8s avoir r\u00e9dig\u00e9 un livre d\u2019\u00e9tude pareil en h\u00e9breu, on a conclu que la m\u00e9thode introduite permet de se pr\u00e9parer de la mani\u00e8re effic<\/p>\n<p style=\"text-align: left;\">\n","protected":false},"excerpt":{"rendered":"<p>\u00c9crit acad\u00e9mique<\/p>\n<p>\u05e1\u05e4\u05e8 \u05d4\u05db\u05e0\u05d4 \u05dc\u05de\u05d1\u05d7\u05df \u05e4\u05e1\u05d9\u05db\u05d5\u05de\u05d8\u05e8\u05d9 \u05d1\u05e6\u05e8\u05e4\u05ea\u05d9\u05ea. \u05e4\u05e8\u05e7 \u05d7\u05e9\u05d9\u05d1\u05d4 \u05de\u05d9\u05dc\u05d5\u05dc\u05d9\u05ea, \u05db\u05ea\u05d9\u05d1\u05d4 \u05d0\u05e7\u05d3\u05de\u05d9\u05ea (\u05d7\u05d9\u05d1\u05d5\u05e8).<\/p>\n","protected":false},"featured_media":6594,"comment_status":"open","ping_status":"closed","template":"","meta":[],"product_cat":[457],"product_tag":[454],"class_list":{"0":"post-5515","1":"product","2":"type-product","3":"status-publish","4":"has-post-thumbnail","6":"product_cat-psycho_books_exams_fr","7":"product_tag-main","9":"first","10":"instock","11":"sale","12":"shipping-taxable","13":"purchasable","14":"product-type-simple"},"acf":[],"_links":{"self":[{"href":"https:\/\/iok.co.il\/he\/wp-json\/wp\/v2\/product\/5515","targetHints":{"allow":["GET"]}}],"collection":[{"href":"https:\/\/iok.co.il\/he\/wp-json\/wp\/v2\/product"}],"about":[{"href":"https:\/\/iok.co.il\/he\/wp-json\/wp\/v2\/types\/product"}],"replies":[{"embeddable":true,"href":"https:\/\/iok.co.il\/he\/wp-json\/wp\/v2\/comments?post=5515"}],"wp:featuredmedia":[{"embeddable":true,"href":"https:\/\/iok.co.il\/he\/wp-json\/wp\/v2\/media\/6594"}],"wp:attachment":[{"href":"https:\/\/iok.co.il\/he\/wp-json\/wp\/v2\/media?parent=5515"}],"wp:term":[{"taxonomy":"product_cat","embeddable":true,"href":"https:\/\/iok.co.il\/he\/wp-json\/wp\/v2\/product_cat?post=5515"},{"taxonomy":"product_tag","embeddable":true,"href":"https:\/\/iok.co.il\/he\/wp-json\/wp\/v2\/product_tag?post=5515"}],"curies":[{"name":"wp","href":"https:\/\/api.w.org\/{rel}","templated":true}]}}