{"id":5524,"date":"2019-06-02T16:16:30","date_gmt":"2019-06-02T13:16:30","guid":{"rendered":"https:\/\/iok.co.il\/he\/?post_type=product&#038;p=5524"},"modified":"2026-01-31T18:39:41","modified_gmt":"2026-01-31T15:39:41","slug":"psychometrique-cours-en-ligne","status":"publish","type":"product","link":"https:\/\/iok.co.il\/he\/product\/psychometrique-cours-en-ligne","title":{"rendered":"\u05e7\u05d5\u05e8\u05e1 \u05e4\u05e1\u05d9\u05db\u05d5\u05de\u05d8\u05e8\u05d9 \u05d0\u05d5\u05df \u05dc\u05d9\u05d9\u05df (\u05e6\u05e8\u05e4\u05ea\u05d9\u05ea)"},"content":{"rendered":"<p dir=\"ltr\" style=\"text-align: left;\">Vous regardez\u00a0 le cours psychom\u00e9trique en ligne de la chaine OK.<br \/>\nNous nous consacrons \u00e0 la pr\u00e9paration de l'examen psychom\u00e9trique depuis 1996.<\/p>\n<p dir=\"ltr\" style=\"text-align: left;\">Consid\u00e9rez vous de faire l\u2019examen psychom\u00e9trique? Nous vous proposons d\u2019\u00e9tudier avec notre cours psychom\u00e9trique en ligne.<\/p>\n<p dir=\"ltr\" style=\"text-align: left;\">Pour le cours en ligne, chaque \u00e9tudiant re\u00e7oit:<\/p>\n<ul dir=\"ltr\" style=\"text-align: left;\">\n<li><strong>Un set de livres complet, qui comprend des livres de chaque sujet et des simulations d\u2019examen.<\/strong><\/li>\n<li>Acc\u00e8s aux le\u00e7ons vid\u00e9o, enseign\u00e9es par les meilleurs professeurs de OK, qui vont vous aider \u00e0 absorber la mati\u00e8re en cr\u00e9ant un sentiment de pr\u00e9sence et de continuit\u00e9, comme dans une vraie classe.<\/li>\n<\/ul>\n<p dir=\"ltr\" style=\"text-align: left;\">Nous vous souhaitons de r\u00e9ussir et nous serons heureux si vous choisissez d'\u00e9tudier avec nous.<\/p>\n<p dir=\"ltr\" style=\"text-align: left;\">Psychom\u00e9trique OK: On vous rentre \u00e0 l\u2019universit\u00e9!<\/p>\n<p dir=\"ltr\" style=\"text-align: left;\">\n","protected":false},"excerpt":{"rendered":"<p>Le cours psychom\u00e9trique en ligne<\/p>\n<div dir=\"ltr\">L'acc\u00e8s au contenu des cours et \u00e0 la pratique reste ouvert jusqu\u2019\u00e0 la prochaine date d'examen.<\/div>\n","protected":false},"featured_media":5481,"comment_status":"open","ping_status":"closed","template":"","meta":[],"product_cat":[457,396],"product_tag":[454],"class_list":{"0":"post-5524","1":"product","2":"type-product","3":"status-publish","4":"has-post-thumbnail","6":"product_cat-psycho_books_exams_fr","7":"product_cat-396","8":"product_tag-main","10":"first","11":"instock","12":"sale","13":"shipping-taxable","14":"purchasable","15":"product-type-simple"},"acf":[],"_links":{"self":[{"href":"https:\/\/iok.co.il\/he\/wp-json\/wp\/v2\/product\/5524","targetHints":{"allow":["GET"]}}],"collection":[{"href":"https:\/\/iok.co.il\/he\/wp-json\/wp\/v2\/product"}],"about":[{"href":"https:\/\/iok.co.il\/he\/wp-json\/wp\/v2\/types\/product"}],"replies":[{"embeddable":true,"href":"https:\/\/iok.co.il\/he\/wp-json\/wp\/v2\/comments?post=5524"}],"wp:featuredmedia":[{"embeddable":true,"href":"https:\/\/iok.co.il\/he\/wp-json\/wp\/v2\/media\/5481"}],"wp:attachment":[{"href":"https:\/\/iok.co.il\/he\/wp-json\/wp\/v2\/media?parent=5524"}],"wp:term":[{"taxonomy":"product_cat","embeddable":true,"href":"https:\/\/iok.co.il\/he\/wp-json\/wp\/v2\/product_cat?post=5524"},{"taxonomy":"product_tag","embeddable":true,"href":"https:\/\/iok.co.il\/he\/wp-json\/wp\/v2\/product_tag?post=5524"}],"curies":[{"name":"wp","href":"https:\/\/api.w.org\/{rel}","templated":true}]}}